{"id":6907,"date":"2026-01-21T13:39:39","date_gmt":"2026-01-21T13:39:39","guid":{"rendered":"https:\/\/www.prelko.hu\/construction-drone-surveying\/"},"modified":"2026-01-23T08:51:50","modified_gmt":"2026-01-23T08:51:50","slug":"construction-drone-surveying","status":"publish","type":"page","link":"https:\/\/www.prelko.hu\/en\/construction-drone-surveying\/","title":{"rendered":"Construction drone surveying"},"content":{"rendered":"\t\t<div data-elementor-type=\"wp-page\" data-elementor-id=\"6907\" class=\"elementor elementor-6907 elementor-6794\">\n\t\t\t\t<div class=\"elementor-element elementor-element-c1e6a78 e-con-full e-flex e-con e-parent\" data-id=\"c1e6a78\" data-element_type=\"container\" data-e-type=\"container\" data-settings=\"{&quot;background_background&quot;:&quot;gradient&quot;}\">\n\t\t<div class=\"elementor-element elementor-element-0477810 e-con-full qodef-elementor-content-grid e-flex e-con e-child\" data-id=\"0477810\" data-element_type=\"container\" data-e-type=\"container\">\n\t\t\t\t<div class=\"elementor-element elementor-element-2c397fb elementor-widget elementor-widget-startpro_core_section_title\" data-id=\"2c397fb\" data-element_type=\"widget\" data-e-type=\"widget\" data-widget_type=\"startpro_core_section_title.default\">\n\t\t\t\t<div class=\"elementor-widget-container\">\n\t\t\t\t\t<div class=\"qodef-shortcode qodef-m  qodef-section-title qodef-alignment--center \">\n\t\t<h1 class=\"qodef-m-title\" style=\"color: #FFFFFF\">\n\t\t\t\t\tConstruction drone surveying\t\t\t<\/h1>\n\t<\/div>\n\t\t\t\t<\/div>\n\t\t\t\t<\/div>\n\t\t\t\t<\/div>\n\t\t<div class=\"elementor-element elementor-element-6a836d3 e-con-full e-flex e-con e-child\" data-id=\"6a836d3\" data-element_type=\"container\" data-e-type=\"container\">\n\t\t\t\t<div class=\"elementor-element elementor-element-a049bf1 elementor-hidden-mobile elementor-widget elementor-widget-startpro_core_single_image\" data-id=\"a049bf1\" data-element_type=\"widget\" data-e-type=\"widget\" data-widget_type=\"startpro_core_single_image.default\">\n\t\t\t\t<div class=\"elementor-widget-container\">\n\t\t\t\t\t<div class=\"qodef-shortcode qodef-m  qodef-single-image qodef-layout--default  qodef-border-radius--no qodef-how-border--no qodef--retina   \"   >\n\t<\/div>\n\t\t\t\t<\/div>\n\t\t\t\t<\/div>\n\t\t\t\t<\/div>\n\t\t\t\t<\/div>\n\t\t<div class=\"elementor-element elementor-element-22a0435 e-con-full qodef-elementor-content-grid e-flex e-con e-parent\" data-id=\"22a0435\" data-element_type=\"container\" data-e-type=\"container\">\n\t\t\t\t<div class=\"elementor-element elementor-element-cc56286 elementor-widget-mobile__width-inherit elementor-widget elementor-widget-startpro_core_single_image\" data-id=\"cc56286\" data-element_type=\"widget\" data-e-type=\"widget\" data-widget_type=\"startpro_core_single_image.default\">\n\t\t\t\t<div class=\"elementor-widget-container\">\n\t\t\t\t\t<div class=\"qodef-shortcode qodef-m  qodef-single-image qodef-layout--default  qodef-border-radius--yes qodef-how-border--no    \"  style=\"--qode-single-image-border-radius-size: 20px\" >\n\t\t\t<div class=\"qodef-m-image\">\n\t\t\t\t\t\t\t\t<img fetchpriority=\"high\" decoding=\"async\" src=\"https:\/\/www.prelko.hu\/wp-content\/uploads\/2026\/01\/drone_felmeres-800x400.jpg\" class=\"qodef-image-original\" alt=\"\u00e9p\u00edt\u0151ipari dr\u00f3nfelm\u00e9r\u00e9s\" width=\"800\" height=\"400\" data-ratio=\"2\" \/>\t\t\t\t\t\t\t<\/div>\n\t<\/div>\n\t\t\t\t<\/div>\n\t\t\t\t<\/div>\n\t\t\t\t<\/div>\n\t\t<div class=\"elementor-element elementor-element-853479e e-con-full qodef-elementor-content-grid e-flex e-con e-parent\" data-id=\"853479e\" data-element_type=\"container\" data-e-type=\"container\" id=\"tervezes\">\n\t\t<div class=\"elementor-element elementor-element-9787c3f e-con-full e-flex e-con e-child\" data-id=\"9787c3f\" data-element_type=\"container\" data-e-type=\"container\">\n\t\t\t\t<div class=\"elementor-element elementor-element-5ded55b elementor-widget elementor-widget-qi_addons_for_elementor_section_title\" data-id=\"5ded55b\" data-element_type=\"widget\" data-e-type=\"widget\" data-widget_type=\"qi_addons_for_elementor_section_title.default\">\n\t\t\t\t<div class=\"elementor-widget-container\">\n\t\t\t\t\t<div class=\"qodef-shortcode qodef-m qodef-qi-section-title qodef-decoration--italic qodef-link--underline-draw qodef-subtitle-icon--left\">\n\t\t\t\t\t\t<h1 class=\"qodef-m-title\">\n\t\tConstruction Drone Surveys and Structural Condition Assessment\t<\/h1>\n\t\t\t<div class=\"qodef-m-text\"><p>Precise data, safe surveying, efficient planning.<\/p><p>In construction and facility management, accurate information is the most valuable resource. Our service replaces traditional, often hazardous and time-consuming surveying methods with modern unmanned technology. Whether it\u2019s hard-to-access industrial roof structures or the monitoring of ongoing construction projects, we deliver engineering-grade data safely from the ground.  <\/p><\/div>\n\t<\/div>\n\t\t\t\t<\/div>\n\t\t\t\t<\/div>\n\t\t\t\t<\/div>\n\t\t\t\t<\/div>\n\t\t<div class=\"elementor-element elementor-element-3ceaf4b e-con-full qodef-elementor-content-grid e-flex e-con e-parent\" data-id=\"3ceaf4b\" data-element_type=\"container\" data-e-type=\"container\">\n\t\t\t\t<div class=\"elementor-element elementor-element-fb9816e elementor-widget elementor-widget-qi_addons_for_elementor_section_title\" data-id=\"fb9816e\" data-element_type=\"widget\" data-e-type=\"widget\" data-widget_type=\"qi_addons_for_elementor_section_title.default\">\n\t\t\t\t<div class=\"elementor-widget-container\">\n\t\t\t\t\t<div class=\"qodef-shortcode qodef-m qodef-qi-section-title qodef-decoration--italic qodef-link--underline-draw qodef-subtitle-icon--left\">\n\t\t\t\t\t\t<h2 class=\"qodef-m-title\">\n\t\tHow can we help?\t<\/h2>\n\t\t\t<div class=\"qodef-m-text\"><p>Our service, built on real industrial experience, <br>focuses on the following areas:<\/p><\/div>\n\t<\/div>\n\t\t\t\t<\/div>\n\t\t\t\t<\/div>\n\t\t<div class=\"elementor-element elementor-element-1e7f59e e-con-full e-flex e-con e-child\" data-id=\"1e7f59e\" data-element_type=\"container\" data-e-type=\"container\">\n\t\t<div class=\"elementor-element elementor-element-33d97bc e-con-full e-flex e-con e-child\" data-id=\"33d97bc\" data-element_type=\"container\" data-e-type=\"container\">\n\t\t\t\t<div class=\"elementor-element elementor-element-47d4e9b elementor-widget elementor-widget-qi_addons_for_elementor_section_title\" data-id=\"47d4e9b\" data-element_type=\"widget\" data-e-type=\"widget\" data-widget_type=\"qi_addons_for_elementor_section_title.default\">\n\t\t\t\t<div class=\"elementor-widget-container\">\n\t\t\t\t\t<div class=\"qodef-shortcode qodef-m qodef-qi-section-title qodef-decoration--italic qodef-link--underline-draw qodef-subtitle-icon--left\">\n\t\t\t\t\t\t\t\t<div class=\"qodef-m-text\"><p><strong>Condition assessment of industrial buildings and halls<\/strong><\/p><ul><li>Roof structure inspection: Detecting leaks, insulation defects, and mechanical damage without requiring anyone to climb to hazardous heights.<\/li><li>Facade analysis: High-resolution documentation of cracks, plaster defects, and structural changes.<\/li><li>Fire safety inspections: Supporting fire protection planning and maintenance of facilities, including the assessment of escape routes and roof walkways.<\/li><\/ul><\/div>\n\t<\/div>\n\t\t\t\t<\/div>\n\t\t\t\t<\/div>\n\t\t\t\t<\/div>\n\t\t<div class=\"elementor-element elementor-element-6065855 e-con-full e-flex e-con e-child\" data-id=\"6065855\" data-element_type=\"container\" data-e-type=\"container\">\n\t\t\t\t<div class=\"elementor-element elementor-element-ac64051 elementor-widget elementor-widget-qi_addons_for_elementor_section_title\" data-id=\"ac64051\" data-element_type=\"widget\" data-e-type=\"widget\" data-widget_type=\"qi_addons_for_elementor_section_title.default\">\n\t\t\t\t<div class=\"elementor-widget-container\">\n\t\t\t\t\t<div class=\"qodef-shortcode qodef-m qodef-qi-section-title qodef-decoration--italic qodef-link--underline-draw qodef-subtitle-icon--left\">\n\t\t\t\t\t\t\t\t<div class=\"qodef-m-text\"><p><strong>Construction phase monitoring<\/strong><\/p><ul><li>We document construction progress through regular periodic aerial recordings.<\/li><li>Comparable project states from the planning phase through to final construction.<\/li><\/ul><p><strong>High-resolution visual documentation<\/strong><\/p><ul><li>4K\/5.1K quality videos and 20 MP photographs<\/li><li>Creation of orthophoto maps for site planning and land development.<\/li><\/ul><\/div>\n\t<\/div>\n\t\t\t\t<\/div>\n\t\t\t\t<\/div>\n\t\t\t\t<\/div>\n\t\t\t\t<\/div>\n\t\t\t\t<\/div>\n\t\t<div class=\"elementor-element elementor-element-ddc4f9f e-con-full e-flex e-con e-parent\" data-id=\"ddc4f9f\" data-element_type=\"container\" data-e-type=\"container\">\n\t\t<div class=\"elementor-element elementor-element-547ed1d e-con-full e-flex e-con e-child\" data-id=\"547ed1d\" data-element_type=\"container\" data-e-type=\"container\">\n\t\t\t\t<div class=\"elementor-element elementor-element-0e9e2bf elementor-widget elementor-widget-image\" data-id=\"0e9e2bf\" data-element_type=\"widget\" data-e-type=\"widget\" data-widget_type=\"image.default\">\n\t\t\t\t<div class=\"elementor-widget-container\">\n\t\t\t\t\t\t\t\t\t\t\t\t\t\t\t<img decoding=\"async\" width=\"1024\" height=\"683\" src=\"https:\/\/www.prelko.hu\/wp-content\/uploads\/2026\/01\/drone_felmeres_1.jpg\" class=\"attachment-large size-large wp-image-6838\" alt=\"\" srcset=\"https:\/\/www.prelko.hu\/wp-content\/uploads\/2026\/01\/drone_felmeres_1.jpg 1024w, https:\/\/www.prelko.hu\/wp-content\/uploads\/2026\/01\/drone_felmeres_1-300x200.jpg 300w, https:\/\/www.prelko.hu\/wp-content\/uploads\/2026\/01\/drone_felmeres_1-768x512.jpg 768w\" sizes=\"(max-width: 1024px) 100vw, 1024px\" \/>\t\t\t\t\t\t\t\t\t\t\t\t\t\t\t<\/div>\n\t\t\t\t<\/div>\n\t\t\t\t<\/div>\n\t\t<div class=\"elementor-element elementor-element-734dfcb e-con-full e-flex e-con e-child\" data-id=\"734dfcb\" data-element_type=\"container\" data-e-type=\"container\">\n\t\t\t\t<div class=\"elementor-element elementor-element-de93d1c elementor-widget elementor-widget-image\" data-id=\"de93d1c\" data-element_type=\"widget\" data-e-type=\"widget\" data-widget_type=\"image.default\">\n\t\t\t\t<div class=\"elementor-widget-container\">\n\t\t\t\t\t\t\t\t\t\t\t\t\t\t\t<img decoding=\"async\" width=\"1024\" height=\"683\" src=\"https:\/\/www.prelko.hu\/wp-content\/uploads\/2026\/01\/drone_felmeres_2.jpg\" class=\"attachment-large size-large wp-image-6840\" alt=\"\" srcset=\"https:\/\/www.prelko.hu\/wp-content\/uploads\/2026\/01\/drone_felmeres_2.jpg 1024w, https:\/\/www.prelko.hu\/wp-content\/uploads\/2026\/01\/drone_felmeres_2-300x200.jpg 300w, https:\/\/www.prelko.hu\/wp-content\/uploads\/2026\/01\/drone_felmeres_2-768x512.jpg 768w\" sizes=\"(max-width: 1024px) 100vw, 1024px\" \/>\t\t\t\t\t\t\t\t\t\t\t\t\t\t\t<\/div>\n\t\t\t\t<\/div>\n\t\t\t\t<\/div>\n\t\t\t\t<\/div>\n\t\t<div class=\"elementor-element elementor-element-6e7d78b e-con-full qodef-elementor-content-grid e-flex e-con e-parent\" data-id=\"6e7d78b\" data-element_type=\"container\" data-e-type=\"container\">\n\t\t\t\t<div class=\"elementor-element elementor-element-0abc2ef elementor-widget elementor-widget-qi_addons_for_elementor_section_title\" data-id=\"0abc2ef\" data-element_type=\"widget\" data-e-type=\"widget\" data-widget_type=\"qi_addons_for_elementor_section_title.default\">\n\t\t\t\t<div class=\"elementor-widget-container\">\n\t\t\t\t\t<div class=\"qodef-shortcode qodef-m qodef-qi-section-title qodef-decoration--italic qodef-link--underline-draw qodef-subtitle-icon--left\">\n\t\t\t\t\t\t<h2 class=\"qodef-m-title\">\n\t\tHow do we work?\t<\/h2>\n\t\t\t<div class=\"qodef-m-text\"><p>Our process follows strict professional protocols and incorporates <br>industry best practices to ensure maximum accuracy.<\/p><\/div>\n\t<\/div>\n\t\t\t\t<\/div>\n\t\t\t\t<\/div>\n\t\t<div class=\"elementor-element elementor-element-481c741 e-con-full e-flex e-con e-child\" data-id=\"481c741\" data-element_type=\"container\" data-e-type=\"container\">\n\t\t<div class=\"elementor-element elementor-element-b1576ff e-con-full e-flex e-con e-child\" data-id=\"b1576ff\" data-element_type=\"container\" data-e-type=\"container\">\n\t\t\t\t<div class=\"elementor-element elementor-element-7a9b252 elementor-widget elementor-widget-qi_addons_for_elementor_section_title\" data-id=\"7a9b252\" data-element_type=\"widget\" data-e-type=\"widget\" data-widget_type=\"qi_addons_for_elementor_section_title.default\">\n\t\t\t\t<div class=\"elementor-widget-container\">\n\t\t\t\t\t<div class=\"qodef-shortcode qodef-m qodef-qi-section-title qodef-decoration--italic qodef-link--underline-draw qodef-subtitle-icon--left\">\n\t\t\t\t\t\t\t\t<div class=\"qodef-m-text\"><p>1. We assess project requirements (e.g. industrial hall dimensions) and perform detailed flight planning.<\/p><p>2. We hold the required A2 competency certificate and liability insurance. All flights are conducted in full compliance with current regulations (e.g. airspace authorization and property owner consent). <\/p><\/div>\n\t<\/div>\n\t\t\t\t<\/div>\n\t\t\t\t<\/div>\n\t\t\t\t<\/div>\n\t\t<div class=\"elementor-element elementor-element-cc0a0bd e-con-full e-flex e-con e-child\" data-id=\"cc0a0bd\" data-element_type=\"container\" data-e-type=\"container\">\n\t\t\t\t<div class=\"elementor-element elementor-element-950ca29 elementor-widget elementor-widget-qi_addons_for_elementor_section_title\" data-id=\"950ca29\" data-element_type=\"widget\" data-e-type=\"widget\" data-widget_type=\"qi_addons_for_elementor_section_title.default\">\n\t\t\t\t<div class=\"elementor-widget-container\">\n\t\t\t\t\t<div class=\"qodef-shortcode qodef-m qodef-qi-section-title qodef-decoration--italic qodef-link--underline-draw qodef-subtitle-icon--left\">\n\t\t\t\t\t\t\t\t<div class=\"qodef-m-text\"><p>3. On-site flight operations are fast and do not interfere with the facility\u2019s daily operations.<\/p><p>4. The collected data is analyzed in an office environment and delivered in the requested formats (raw images, reports, 3D models, videos).<\/p><\/div>\n\t<\/div>\n\t\t\t\t<\/div>\n\t\t\t\t<\/div>\n\t\t\t\t<\/div>\n\t\t\t\t<\/div>\n\t\t\t\t<\/div>\n\t\t<div class=\"elementor-element elementor-element-0b18241 e-con-full qodef-elementor-content-grid e-flex e-con e-parent\" data-id=\"0b18241\" data-element_type=\"container\" data-e-type=\"container\">\n\t\t<div class=\"elementor-element elementor-element-0565336 e-con-full e-flex e-con e-child\" data-id=\"0565336\" data-element_type=\"container\" data-e-type=\"container\">\n\t\t\t\t<div class=\"elementor-element elementor-element-edcdc11 elementor-widget elementor-widget-qi_addons_for_elementor_section_title\" data-id=\"edcdc11\" data-element_type=\"widget\" data-e-type=\"widget\" data-widget_type=\"qi_addons_for_elementor_section_title.default\">\n\t\t\t\t<div class=\"elementor-widget-container\">\n\t\t\t\t\t<div class=\"qodef-shortcode qodef-m qodef-qi-section-title qodef-decoration--italic qodef-link--underline-draw qodef-subtitle-icon--left\">\n\t\t\t\t\t\t<h2 class=\"qodef-m-title\">\n\t\tWho is this service for?\t<\/h2>\n\t\t\t<div class=\"qodef-m-text\"><ul><li>Industrial facility owners: For maintenance planning.<\/li><li>General contractors: For condition documentation and subcontractor monitoring.<\/li><li>Fire safety professionals: For comprehensive risk assessment of facilities from a bird\u2019s-eye view.<\/li><\/ul><\/div>\n\t<\/div>\n\t\t\t\t<\/div>\n\t\t\t\t<\/div>\n\t\t\t\t<\/div>\n\t\t\t\t<\/div>\n\t\t\t\t<\/div>\n\t\t","protected":false},"excerpt":{"rendered":"<p>Construction drone surveying Construction Drone Surveys and Structural Condition Assessment Precise data, safe surveying, efficient planning. In construction and facility management, accurate information is the most valuable resource. Our service replaces traditional, often hazardous and time-consuming surveying methods with modern unmanned technology. Whether it\u2019s hard-to-access industrial roof structures or the monitoring of ongoing construction projects, [&hellip;]<\/p>\n","protected":false},"author":1,"featured_media":0,"parent":0,"menu_order":0,"comment_status":"closed","ping_status":"closed","template":"page-full-width.php","meta":{"footnotes":""},"class_list":["post-6907","page","type-page","status-publish","hentry"],"_links":{"self":[{"href":"https:\/\/www.prelko.hu\/en\/wp-json\/wp\/v2\/pages\/6907","targetHints":{"allow":["GET"]}}],"collection":[{"href":"https:\/\/www.prelko.hu\/en\/wp-json\/wp\/v2\/pages"}],"about":[{"href":"https:\/\/www.prelko.hu\/en\/wp-json\/wp\/v2\/types\/page"}],"author":[{"embeddable":true,"href":"https:\/\/www.prelko.hu\/en\/wp-json\/wp\/v2\/users\/1"}],"replies":[{"embeddable":true,"href":"https:\/\/www.prelko.hu\/en\/wp-json\/wp\/v2\/comments?post=6907"}],"version-history":[{"count":1,"href":"https:\/\/www.prelko.hu\/en\/wp-json\/wp\/v2\/pages\/6907\/revisions"}],"predecessor-version":[{"id":6908,"href":"https:\/\/www.prelko.hu\/en\/wp-json\/wp\/v2\/pages\/6907\/revisions\/6908"}],"wp:attachment":[{"href":"https:\/\/www.prelko.hu\/en\/wp-json\/wp\/v2\/media?parent=6907"}],"curies":[{"name":"wp","href":"https:\/\/api.w.org\/{rel}","templated":true}]}}