{"id":6722,"date":"2025-05-13T12:11:35","date_gmt":"2025-05-13T12:11:35","guid":{"rendered":"https:\/\/www.prelko.hu\/references\/"},"modified":"2025-05-27T11:38:26","modified_gmt":"2025-05-27T11:38:26","slug":"references","status":"publish","type":"page","link":"https:\/\/www.prelko.hu\/en\/references\/","title":{"rendered":"References"},"content":{"rendered":"\t\t<div data-elementor-type=\"wp-page\" data-elementor-id=\"6722\" class=\"elementor elementor-6722 elementor-6382\">\n\t\t\t\t<div class=\"elementor-element elementor-element-52d0a5de e-con-full e-flex e-con e-parent\" data-id=\"52d0a5de\" data-element_type=\"container\" data-e-type=\"container\" data-settings=\"{&quot;background_background&quot;:&quot;gradient&quot;}\">\n\t\t<div class=\"elementor-element elementor-element-5493ce55 e-con-full qodef-elementor-content-grid e-flex e-con e-child\" data-id=\"5493ce55\" data-element_type=\"container\" data-e-type=\"container\">\n\t\t\t\t<div class=\"elementor-element elementor-element-42c30b29 elementor-widget elementor-widget-startpro_core_section_title\" data-id=\"42c30b29\" data-element_type=\"widget\" data-e-type=\"widget\" data-widget_type=\"startpro_core_section_title.default\">\n\t\t\t\t<div class=\"elementor-widget-container\">\n\t\t\t\t\t<div class=\"qodef-shortcode qodef-m  qodef-section-title qodef-alignment--center \">\n\t\t<h1 class=\"qodef-m-title\" style=\"color: #FFFFFF\">\n\t\t\t\t\tReferences\t\t\t<\/h1>\n\t<\/div>\n\t\t\t\t<\/div>\n\t\t\t\t<\/div>\n\t\t\t\t<\/div>\n\t\t\t\t<\/div>\n\t\t<div class=\"elementor-element elementor-element-d8ba5eb e-flex e-con-boxed e-con e-parent\" data-id=\"d8ba5eb\" data-element_type=\"container\" data-e-type=\"container\">\n\t\t\t\t\t<div class=\"e-con-inner\">\n\t\t<div class=\"elementor-element elementor-element-af7c13d e-con-full e-flex e-con e-child\" data-id=\"af7c13d\" data-element_type=\"container\" data-e-type=\"container\">\n\t\t\t\t<div class=\"elementor-element elementor-element-3d562af elementor-widget elementor-widget-qi_addons_for_elementor_section_title\" data-id=\"3d562af\" data-element_type=\"widget\" data-e-type=\"widget\" data-widget_type=\"qi_addons_for_elementor_section_title.default\">\n\t\t\t\t<div class=\"elementor-widget-container\">\n\t\t\t\t\t<div class=\"qodef-shortcode qodef-m qodef-qi-section-title qodef-decoration--italic qodef-link--underline-draw qodef-subtitle-icon--left\">\n\t\t\t\t<h5 class=\"qodef-m-subtitle\">\n\t\tDebrecen, Hungary\t\t\t<\/h5>\n\t\t\t<h2 class=\"qodef-m-title\">\n\t\tBMW Project\t<\/h2>\n\t\t\t<\/div>\n\t\t\t\t<\/div>\n\t\t\t\t<\/div>\n\t\t\t\t<div class=\"elementor-element elementor-element-cced140 elementor-widget elementor-widget-startpro_core_single_image\" data-id=\"cced140\" data-element_type=\"widget\" data-e-type=\"widget\" data-widget_type=\"startpro_core_single_image.default\">\n\t\t\t\t<div class=\"elementor-widget-container\">\n\t\t\t\t\t<div class=\"qodef-shortcode qodef-m  qodef-single-image qodef-layout--default  qodef-border-radius--yes qodef-how-border--no    qodef--has-appear qodef--appear-fade\"  style=\"--qode-single-image-border-radius-size: 20px\" >\n\t\t\t<div class=\"qodef-m-image\">\n\t\t\t\t\t\t\t\t<img fetchpriority=\"high\" decoding=\"async\" width=\"650\" height=\"844\" src=\"https:\/\/www.prelko.hu\/wp-content\/uploads\/2025\/05\/bmw-debrecen-gyar-1-569132-1-650x844.jpg\" class=\"qodef-image-original\" alt=\"\" \/>\t\t\t\t\t\t\t<\/div>\n\t<\/div>\n\t\t\t\t<\/div>\n\t\t\t\t<\/div>\n\t\t\t\t<div class=\"elementor-element elementor-element-34eda67 elementor-widget elementor-widget-qi_addons_for_elementor_section_title\" data-id=\"34eda67\" data-element_type=\"widget\" data-e-type=\"widget\" data-widget_type=\"qi_addons_for_elementor_section_title.default\">\n\t\t\t\t<div class=\"elementor-widget-container\">\n\t\t\t\t\t<div class=\"qodef-shortcode qodef-m qodef-qi-section-title qodef-decoration--italic qodef-link--underline-draw qodef-subtitle-icon--left\">\n\t\t\t\t<h5 class=\"qodef-m-subtitle\">\n\t\tDebrecen, Hungary\t\t\t<\/h5>\n\t\t\t<h2 class=\"qodef-m-title\">\n\t\tCATL EU2 Project\t<\/h2>\n\t\t\t<\/div>\n\t\t\t\t<\/div>\n\t\t\t\t<\/div>\n\t\t\t\t<div class=\"elementor-element elementor-element-2e74e84 elementor-widget elementor-widget-startpro_core_single_image\" data-id=\"2e74e84\" data-element_type=\"widget\" data-e-type=\"widget\" data-widget_type=\"startpro_core_single_image.default\">\n\t\t\t\t<div class=\"elementor-widget-container\">\n\t\t\t\t\t<div class=\"qodef-shortcode qodef-m  qodef-single-image qodef-layout--default  qodef-border-radius--yes qodef-how-border--no    qodef--has-appear qodef--appear-fade\"  style=\"--qode-single-image-border-radius-size: 20px\" >\n\t\t\t<div class=\"qodef-m-image\">\n\t\t\t\t\t\t\t\t<img decoding=\"async\" width=\"749\" height=\"420\" src=\"https:\/\/www.prelko.hu\/wp-content\/uploads\/2025\/05\/CATL-projekt.png\" class=\"qodef-image-original\" alt=\"\" srcset=\"https:\/\/www.prelko.hu\/wp-content\/uploads\/2025\/05\/CATL-projekt.png 749w, https:\/\/www.prelko.hu\/wp-content\/uploads\/2025\/05\/CATL-projekt-300x168.png 300w\" sizes=\"(max-width: 749px) 100vw, 749px\" \/>\t\t\t\t\t\t\t<\/div>\n\t<\/div>\n\t\t\t\t<\/div>\n\t\t\t\t<\/div>\n\t\t\t\t<\/div>\n\t\t<div class=\"elementor-element elementor-element-9103b02 e-con-full e-flex e-con e-child\" data-id=\"9103b02\" data-element_type=\"container\" data-e-type=\"container\">\n\t\t<div class=\"elementor-element elementor-element-cc7ccab e-con-full e-flex e-con e-child\" data-id=\"cc7ccab\" data-element_type=\"container\" data-e-type=\"container\">\n\t\t\t\t<div class=\"elementor-element elementor-element-40de5a0 elementor-widget elementor-widget-qi_addons_for_elementor_section_title\" data-id=\"40de5a0\" data-element_type=\"widget\" data-e-type=\"widget\" data-widget_type=\"qi_addons_for_elementor_section_title.default\">\n\t\t\t\t<div class=\"elementor-widget-container\">\n\t\t\t\t\t<div class=\"qodef-shortcode qodef-m qodef-qi-section-title qodef-decoration--italic qodef-link--underline-draw qodef-subtitle-icon--left\">\n\t\t\t\t<h5 class=\"qodef-m-subtitle\">\n\t\tR\u00e1calm\u00e1s, Hungary\t\t\t<\/h5>\n\t\t\t<h2 class=\"qodef-m-title\">\n\t\tHANKOOK IV. TBR \t<\/h2>\n\t\t\t<\/div>\n\t\t\t\t<\/div>\n\t\t\t\t<\/div>\n\t\t\t\t<div class=\"elementor-element elementor-element-45fb50a elementor-widget elementor-widget-startpro_core_single_image\" data-id=\"45fb50a\" data-element_type=\"widget\" data-e-type=\"widget\" data-widget_type=\"startpro_core_single_image.default\">\n\t\t\t\t<div class=\"elementor-widget-container\">\n\t\t\t\t\t<div class=\"qodef-shortcode qodef-m  qodef-single-image qodef-layout--default  qodef-border-radius--yes qodef-how-border--no    qodef--has-appear qodef--appear-fade\"  style=\"--qode-single-image-border-radius-size: 20px\" >\n\t\t\t<div class=\"qodef-m-image\">\n\t\t\t\t\t\t\t\t<img decoding=\"async\" width=\"913\" height=\"609\" src=\"https:\/\/www.prelko.hu\/wp-content\/uploads\/2025\/05\/Hankook-projekt.jpg\" class=\"qodef-image-original\" alt=\"\" srcset=\"https:\/\/www.prelko.hu\/wp-content\/uploads\/2025\/05\/Hankook-projekt.jpg 913w, https:\/\/www.prelko.hu\/wp-content\/uploads\/2025\/05\/Hankook-projekt-300x200.jpg 300w, https:\/\/www.prelko.hu\/wp-content\/uploads\/2025\/05\/Hankook-projekt-768x512.jpg 768w\" sizes=\"(max-width: 913px) 100vw, 913px\" \/>\t\t\t\t\t\t\t<\/div>\n\t<\/div>\n\t\t\t\t<\/div>\n\t\t\t\t<\/div>\n\t\t\t\t<\/div>\n\t\t<div class=\"elementor-element elementor-element-b113273 e-con-full e-flex e-con e-child\" data-id=\"b113273\" data-element_type=\"container\" data-e-type=\"container\">\n\t\t\t\t<div class=\"elementor-element elementor-element-eb7dde3 elementor-widget elementor-widget-qi_addons_for_elementor_section_title\" data-id=\"eb7dde3\" data-element_type=\"widget\" data-e-type=\"widget\" data-widget_type=\"qi_addons_for_elementor_section_title.default\">\n\t\t\t\t<div class=\"elementor-widget-container\">\n\t\t\t\t\t<div class=\"qodef-shortcode qodef-m qodef-qi-section-title qodef-decoration--italic qodef-link--underline-draw qodef-subtitle-icon--left\">\n\t\t\t\t<h5 class=\"qodef-m-subtitle\">\n\t\tDebrecen, Hungary\t\t\t<\/h5>\n\t\t\t<h2 class=\"qodef-m-title\">\n\t\tEcoPro OCTAGON Project\t<\/h2>\n\t\t\t<\/div>\n\t\t\t\t<\/div>\n\t\t\t\t<\/div>\n\t\t\t\t<div class=\"elementor-element elementor-element-a4af387 elementor-widget elementor-widget-startpro_core_single_image\" data-id=\"a4af387\" data-element_type=\"widget\" data-e-type=\"widget\" data-widget_type=\"startpro_core_single_image.default\">\n\t\t\t\t<div class=\"elementor-widget-container\">\n\t\t\t\t\t<div class=\"qodef-shortcode qodef-m  qodef-single-image qodef-layout--default  qodef-border-radius--yes qodef-how-border--no    qodef--has-appear qodef--appear-fade\"  style=\"--qode-single-image-border-radius-size: 20px\" >\n\t\t\t<div class=\"qodef-m-image\">\n\t\t\t\t\t\t\t\t<img loading=\"lazy\" decoding=\"async\" width=\"1300\" height=\"1300\" src=\"https:\/\/www.prelko.hu\/wp-content\/uploads\/2025\/05\/ecopro-projekt-1300x1300.jpg\" class=\"qodef-image-original\" alt=\"\" srcset=\"https:\/\/www.prelko.hu\/wp-content\/uploads\/2025\/05\/ecopro-projekt-1300x1300.jpg 1300w, https:\/\/www.prelko.hu\/wp-content\/uploads\/2025\/05\/ecopro-projekt-150x150.jpg 150w, https:\/\/www.prelko.hu\/wp-content\/uploads\/2025\/05\/ecopro-projekt-650x650.jpg 650w\" sizes=\"(max-width: 1300px) 100vw, 1300px\" \/>\t\t\t\t\t\t\t<\/div>\n\t<\/div>\n\t\t\t\t<\/div>\n\t\t\t\t<\/div>\n\t\t\t\t<\/div>\n\t\t\t\t<\/div>\n\t\t<div class=\"elementor-element elementor-element-3ea53e8 e-con-full e-flex e-con e-child\" data-id=\"3ea53e8\" data-element_type=\"container\" data-e-type=\"container\">\n\t\t\t\t<div class=\"elementor-element elementor-element-b399028 elementor-widget elementor-widget-qi_addons_for_elementor_section_title\" data-id=\"b399028\" data-element_type=\"widget\" data-e-type=\"widget\" data-widget_type=\"qi_addons_for_elementor_section_title.default\">\n\t\t\t\t<div class=\"elementor-widget-container\">\n\t\t\t\t\t<div class=\"qodef-shortcode qodef-m qodef-qi-section-title qodef-decoration--italic qodef-link--underline-draw qodef-subtitle-icon--left\">\n\t\t\t\t<h5 class=\"qodef-m-subtitle\">\n\t\tGy\u00f6ngy\u00f6s, Hungary\t\t\t<\/h5>\n\t\t\t<h2 class=\"qodef-m-title\">\n\t\tProcter &amp; Gamble Project\t<\/h2>\n\t\t\t<\/div>\n\t\t\t\t<\/div>\n\t\t\t\t<\/div>\n\t\t\t\t<div class=\"elementor-element elementor-element-801f165 elementor-widget elementor-widget-startpro_core_single_image\" data-id=\"801f165\" data-element_type=\"widget\" data-e-type=\"widget\" data-widget_type=\"startpro_core_single_image.default\">\n\t\t\t\t<div class=\"elementor-widget-container\">\n\t\t\t\t\t<div class=\"qodef-shortcode qodef-m  qodef-single-image qodef-layout--default  qodef-border-radius--yes qodef-how-border--no    qodef--has-appear qodef--appear-fade\"  style=\"--qode-single-image-border-radius-size: 20px\" >\n\t\t\t<div class=\"qodef-m-image\">\n\t\t\t\t\t\t\t\t<img loading=\"lazy\" decoding=\"async\" width=\"650\" height=\"650\" src=\"https:\/\/www.prelko.hu\/wp-content\/uploads\/2025\/05\/PG-csomor-650x650.jpg\" class=\"qodef-image-original\" alt=\"\" srcset=\"https:\/\/www.prelko.hu\/wp-content\/uploads\/2025\/05\/PG-csomor-650x650.jpg 650w, https:\/\/www.prelko.hu\/wp-content\/uploads\/2025\/05\/PG-csomor-150x150.jpg 150w\" sizes=\"(max-width: 650px) 100vw, 650px\" \/>\t\t\t\t\t\t\t<\/div>\n\t<\/div>\n\t\t\t\t<\/div>\n\t\t\t\t<\/div>\n\t\t\t\t<div class=\"elementor-element elementor-element-029f1ba elementor-widget elementor-widget-qi_addons_for_elementor_section_title\" data-id=\"029f1ba\" data-element_type=\"widget\" data-e-type=\"widget\" data-widget_type=\"qi_addons_for_elementor_section_title.default\">\n\t\t\t\t<div class=\"elementor-widget-container\">\n\t\t\t\t\t<div class=\"qodef-shortcode qodef-m qodef-qi-section-title qodef-decoration--italic qodef-link--underline-draw qodef-subtitle-icon--left\">\n\t\t\t\t<h5 class=\"qodef-m-subtitle\">\n\t\tR\u00e9ts\u00e1g, Hungary\t\t\t<\/h5>\n\t\t\t<h2 class=\"qodef-m-title\">\n\t\tFlex Films Project\t<\/h2>\n\t\t\t<\/div>\n\t\t\t\t<\/div>\n\t\t\t\t<\/div>\n\t\t\t\t<div class=\"elementor-element elementor-element-35646cb elementor-widget elementor-widget-startpro_core_single_image\" data-id=\"35646cb\" data-element_type=\"widget\" data-e-type=\"widget\" data-widget_type=\"startpro_core_single_image.default\">\n\t\t\t\t<div class=\"elementor-widget-container\">\n\t\t\t\t\t<div class=\"qodef-shortcode qodef-m  qodef-single-image qodef-layout--default  qodef-border-radius--yes qodef-how-border--no    qodef--has-appear qodef--appear-fade\"  style=\"--qode-single-image-border-radius-size: 20px\" >\n\t\t\t<div class=\"qodef-m-image\">\n\t\t\t\t\t\t\t\t<img loading=\"lazy\" decoding=\"async\" width=\"650\" height=\"450\" src=\"https:\/\/www.prelko.hu\/wp-content\/uploads\/2025\/05\/flexfilms-projekt-650x450.jpg\" class=\"qodef-image-original\" alt=\"\" \/>\t\t\t\t\t\t\t<\/div>\n\t<\/div>\n\t\t\t\t<\/div>\n\t\t\t\t<\/div>\n\t\t\t\t<\/div>\n\t\t\t\t\t<\/div>\n\t\t\t\t<\/div>\n\t\t<div class=\"elementor-element elementor-element-460c73c e-flex e-con-boxed e-con e-parent\" data-id=\"460c73c\" data-element_type=\"container\" data-e-type=\"container\">\n\t\t\t\t\t<div class=\"e-con-inner\">\n\t\t<div class=\"elementor-element elementor-element-9871d42 e-con-full e-flex e-con e-child\" data-id=\"9871d42\" data-element_type=\"container\" data-e-type=\"container\">\n\t\t\t\t<div class=\"elementor-element elementor-element-4446c57 elementor-widget elementor-widget-qi_addons_for_elementor_section_title\" data-id=\"4446c57\" data-element_type=\"widget\" data-e-type=\"widget\" data-widget_type=\"qi_addons_for_elementor_section_title.default\">\n\t\t\t\t<div class=\"elementor-widget-container\">\n\t\t\t\t\t<div class=\"qodef-shortcode qodef-m qodef-qi-section-title qodef-decoration--italic qodef-link--underline-draw qodef-subtitle-icon--left\">\n\t\t\t\t<h5 class=\"qodef-m-subtitle\">\n\t\tBudapest, Hungary\t\t\t<\/h5>\n\t\t\t<h2 class=\"qodef-m-title\">\n\t\tMuseum of Ethnography \/ Museum of Ethnograpy\t<\/h2>\n\t\t\t<\/div>\n\t\t\t\t<\/div>\n\t\t\t\t<\/div>\n\t\t\t\t<div class=\"elementor-element elementor-element-a19a7e7 elementor-widget elementor-widget-startpro_core_single_image\" data-id=\"a19a7e7\" data-element_type=\"widget\" data-e-type=\"widget\" data-widget_type=\"startpro_core_single_image.default\">\n\t\t\t\t<div class=\"elementor-widget-container\">\n\t\t\t\t\t<div class=\"qodef-shortcode qodef-m  qodef-single-image qodef-layout--default  qodef-border-radius--yes qodef-how-border--no    qodef--has-appear qodef--appear-fade\"  style=\"--qode-single-image-border-radius-size: 20px\" >\n\t\t\t<div class=\"qodef-m-image\">\n\t\t\t\t\t\t\t\t<img loading=\"lazy\" decoding=\"async\" width=\"1199\" height=\"725\" src=\"https:\/\/www.prelko.hu\/wp-content\/uploads\/2025\/05\/neprajzi-projekt.jpg\" class=\"qodef-image-original\" alt=\"\" srcset=\"https:\/\/www.prelko.hu\/wp-content\/uploads\/2025\/05\/neprajzi-projekt.jpg 1199w, https:\/\/www.prelko.hu\/wp-content\/uploads\/2025\/05\/neprajzi-projekt-300x181.jpg 300w, https:\/\/www.prelko.hu\/wp-content\/uploads\/2025\/05\/neprajzi-projekt-1024x619.jpg 1024w, https:\/\/www.prelko.hu\/wp-content\/uploads\/2025\/05\/neprajzi-projekt-768x464.jpg 768w\" sizes=\"(max-width: 1199px) 100vw, 1199px\" \/>\t\t\t\t\t\t\t<\/div>\n\t<\/div>\n\t\t\t\t<\/div>\n\t\t\t\t<\/div>\n\t\t\t\t<\/div>\n\t\t<div class=\"elementor-element elementor-element-7789dc6 e-con-full e-flex e-con e-child\" data-id=\"7789dc6\" data-element_type=\"container\" data-e-type=\"container\">\n\t\t<div class=\"elementor-element elementor-element-e7c2909 e-con-full e-flex e-con e-child\" data-id=\"e7c2909\" data-element_type=\"container\" data-e-type=\"container\">\n\t\t\t\t<div class=\"elementor-element elementor-element-34a0abf elementor-widget elementor-widget-qi_addons_for_elementor_section_title\" data-id=\"34a0abf\" data-element_type=\"widget\" data-e-type=\"widget\" data-widget_type=\"qi_addons_for_elementor_section_title.default\">\n\t\t\t\t<div class=\"elementor-widget-container\">\n\t\t\t\t\t<div class=\"qodef-shortcode qodef-m qodef-qi-section-title qodef-decoration--italic qodef-link--underline-draw qodef-subtitle-icon--left\">\n\t\t\t\t<h5 class=\"qodef-m-subtitle\">\n\t\tNy\u00edregyh\u00e1za, Hungary\t\t\t<\/h5>\n\t\t\t<h2 class=\"qodef-m-title\">\n\t\tLEGO PAB2 Project\t<\/h2>\n\t\t\t<\/div>\n\t\t\t\t<\/div>\n\t\t\t\t<\/div>\n\t\t\t\t<div class=\"elementor-element elementor-element-d7945f3 elementor-widget elementor-widget-startpro_core_single_image\" data-id=\"d7945f3\" data-element_type=\"widget\" data-e-type=\"widget\" data-widget_type=\"startpro_core_single_image.default\">\n\t\t\t\t<div class=\"elementor-widget-container\">\n\t\t\t\t\t<div class=\"qodef-shortcode qodef-m  qodef-single-image qodef-layout--default  qodef-border-radius--yes qodef-how-border--no    qodef--has-appear qodef--appear-fade\"  style=\"--qode-single-image-border-radius-size: 20px\" >\n\t\t\t<div class=\"qodef-m-image\">\n\t\t\t\t\t\t\t\t<img loading=\"lazy\" decoding=\"async\" width=\"650\" height=\"777\" src=\"https:\/\/www.prelko.hu\/wp-content\/uploads\/2025\/05\/lego-projekt-650x777.jpg\" class=\"qodef-image-original\" alt=\"\" \/>\t\t\t\t\t\t\t<\/div>\n\t<\/div>\n\t\t\t\t<\/div>\n\t\t\t\t<\/div>\n\t\t\t\t<\/div>\n\t\t\t\t<\/div>\n\t\t\t\t\t<\/div>\n\t\t\t\t<\/div>\n\t\t<div class=\"elementor-element elementor-element-dd8d465 e-flex e-con-boxed e-con e-parent\" data-id=\"dd8d465\" data-element_type=\"container\" data-e-type=\"container\">\n\t\t\t\t\t<div class=\"e-con-inner\">\n\t\t<div class=\"elementor-element elementor-element-3dce50c e-con-full e-flex e-con e-child\" data-id=\"3dce50c\" data-element_type=\"container\" data-e-type=\"container\">\n\t\t\t\t<div class=\"elementor-element elementor-element-aac49fe elementor-widget elementor-widget-qi_addons_for_elementor_section_title\" data-id=\"aac49fe\" data-element_type=\"widget\" data-e-type=\"widget\" data-widget_type=\"qi_addons_for_elementor_section_title.default\">\n\t\t\t\t<div class=\"elementor-widget-container\">\n\t\t\t\t\t<div class=\"qodef-shortcode qodef-m qodef-qi-section-title qodef-decoration--italic qodef-link--underline-draw qodef-subtitle-icon--left\">\n\t\t\t\t<h5 class=\"qodef-m-subtitle\">\n\t\tGy\u0151r, Hungary\t\t\t<\/h5>\n\t\t\t<h2 class=\"qodef-m-title\">\n\t\tAUDI G60 Building\t<\/h2>\n\t\t\t<\/div>\n\t\t\t\t<\/div>\n\t\t\t\t<\/div>\n\t\t\t\t<div class=\"elementor-element elementor-element-f3b3a99 elementor-widget elementor-widget-startpro_core_single_image\" data-id=\"f3b3a99\" data-element_type=\"widget\" data-e-type=\"widget\" data-widget_type=\"startpro_core_single_image.default\">\n\t\t\t\t<div class=\"elementor-widget-container\">\n\t\t\t\t\t<div class=\"qodef-shortcode qodef-m  qodef-single-image qodef-layout--default  qodef-border-radius--yes qodef-how-border--no    qodef--has-appear qodef--appear-fade\"  style=\"--qode-single-image-border-radius-size: 20px\" >\n\t\t\t<div class=\"qodef-m-image\">\n\t\t\t\t\t\t\t\t<img loading=\"lazy\" decoding=\"async\" width=\"650\" height=\"650\" src=\"https:\/\/www.prelko.hu\/wp-content\/uploads\/2025\/05\/audi-projekt-650x650.jpg\" class=\"qodef-image-original\" alt=\"\" srcset=\"https:\/\/www.prelko.hu\/wp-content\/uploads\/2025\/05\/audi-projekt-650x650.jpg 650w, https:\/\/www.prelko.hu\/wp-content\/uploads\/2025\/05\/audi-projekt-150x150.jpg 150w, https:\/\/www.prelko.hu\/wp-content\/uploads\/2025\/05\/audi-projekt-1300x1300.jpg 1300w\" sizes=\"(max-width: 650px) 100vw, 650px\" \/>\t\t\t\t\t\t\t<\/div>\n\t<\/div>\n\t\t\t\t<\/div>\n\t\t\t\t<\/div>\n\t\t\t\t<\/div>\n\t\t<div class=\"elementor-element elementor-element-79cbbb8 e-con-full e-flex e-con e-child\" data-id=\"79cbbb8\" data-element_type=\"container\" data-e-type=\"container\">\n\t\t<div class=\"elementor-element elementor-element-e167023 e-con-full e-flex e-con e-child\" data-id=\"e167023\" data-element_type=\"container\" data-e-type=\"container\">\n\t\t\t\t<div class=\"elementor-element elementor-element-bee96ff elementor-widget elementor-widget-qi_addons_for_elementor_section_title\" data-id=\"bee96ff\" data-element_type=\"widget\" data-e-type=\"widget\" data-widget_type=\"qi_addons_for_elementor_section_title.default\">\n\t\t\t\t<div class=\"elementor-widget-container\">\n\t\t\t\t\t<div class=\"qodef-shortcode qodef-m qodef-qi-section-title qodef-decoration--italic qodef-link--underline-draw qodef-subtitle-icon--left\">\n\t\t\t\t<h5 class=\"qodef-m-subtitle\">\n\t\t  Iv\u00e1ncsa, Hungary\t\t\t<\/h5>\n\t\t\t<h2 class=\"qodef-m-title\">\n\t\tSK ON Projects\t<\/h2>\n\t\t\t<\/div>\n\t\t\t\t<\/div>\n\t\t\t\t<\/div>\n\t\t\t\t<div class=\"elementor-element elementor-element-f9b557a elementor-widget elementor-widget-startpro_core_single_image\" data-id=\"f9b557a\" data-element_type=\"widget\" data-e-type=\"widget\" data-widget_type=\"startpro_core_single_image.default\">\n\t\t\t\t<div class=\"elementor-widget-container\">\n\t\t\t\t\t<div class=\"qodef-shortcode qodef-m  qodef-single-image qodef-layout--default  qodef-border-radius--yes qodef-how-border--no    qodef--has-appear qodef--appear-fade\"  style=\"--qode-single-image-border-radius-size: 20px\" >\n\t\t\t<div class=\"qodef-m-image\">\n\t\t\t\t\t\t\t\t<img loading=\"lazy\" decoding=\"async\" width=\"1300\" height=\"1080\" src=\"https:\/\/www.prelko.hu\/wp-content\/uploads\/2025\/05\/SK-projekt-1300x1080.jpg\" class=\"qodef-image-original\" alt=\"\" \/>\t\t\t\t\t\t\t<\/div>\n\t<\/div>\n\t\t\t\t<\/div>\n\t\t\t\t<\/div>\n\t\t\t\t<\/div>\n\t\t<div class=\"elementor-element elementor-element-3f64710 e-con-full e-flex e-con e-child\" data-id=\"3f64710\" data-element_type=\"container\" data-e-type=\"container\">\n\t\t\t\t<\/div>\n\t\t\t\t<\/div>\n\t\t<div class=\"elementor-element elementor-element-bcf0397 e-con-full e-flex e-con e-child\" data-id=\"bcf0397\" data-element_type=\"container\" data-e-type=\"container\">\n\t\t\t\t<div class=\"elementor-element elementor-element-13c6b97 elementor-widget elementor-widget-qi_addons_for_elementor_section_title\" data-id=\"13c6b97\" data-element_type=\"widget\" data-e-type=\"widget\" data-widget_type=\"qi_addons_for_elementor_section_title.default\">\n\t\t\t\t<div class=\"elementor-widget-container\">\n\t\t\t\t\t<div class=\"qodef-shortcode qodef-m qodef-qi-section-title qodef-decoration--italic qodef-link--underline-draw qodef-subtitle-icon--left\">\n\t\t\t\t<h5 class=\"qodef-m-subtitle\">\n\t\tBudapest, Hungary\t\t\t<\/h5>\n\t\t\t<h2 class=\"qodef-m-title\">\n\t\tDanube Arena\t<\/h2>\n\t\t\t<\/div>\n\t\t\t\t<\/div>\n\t\t\t\t<\/div>\n\t\t\t\t<div class=\"elementor-element elementor-element-3939941 elementor-widget elementor-widget-startpro_core_single_image\" data-id=\"3939941\" data-element_type=\"widget\" data-e-type=\"widget\" data-widget_type=\"startpro_core_single_image.default\">\n\t\t\t\t<div class=\"elementor-widget-container\">\n\t\t\t\t\t<div class=\"qodef-shortcode qodef-m  qodef-single-image qodef-layout--default  qodef-border-radius--yes qodef-how-border--no    qodef--has-appear qodef--appear-fade\"  style=\"--qode-single-image-border-radius-size: 20px\" >\n\t\t\t<div class=\"qodef-m-image\">\n\t\t\t\t\t\t\t\t<img loading=\"lazy\" decoding=\"async\" width=\"650\" height=\"650\" src=\"https:\/\/www.prelko.hu\/wp-content\/uploads\/2025\/05\/Duna_Arena-projekt-650x650.jpg\" class=\"qodef-image-original\" alt=\"\" srcset=\"https:\/\/www.prelko.hu\/wp-content\/uploads\/2025\/05\/Duna_Arena-projekt-650x650.jpg 650w, https:\/\/www.prelko.hu\/wp-content\/uploads\/2025\/05\/Duna_Arena-projekt-150x150.jpg 150w\" sizes=\"(max-width: 650px) 100vw, 650px\" \/>\t\t\t\t\t\t\t<\/div>\n\t<\/div>\n\t\t\t\t<\/div>\n\t\t\t\t<\/div>\n\t\t\t\t<\/div>\n\t\t\t\t\t<\/div>\n\t\t\t\t<\/div>\n\t\t\t\t<\/div>\n\t\t","protected":false},"excerpt":{"rendered":"<p>References Debrecen, Hungary BMW Project Debrecen, Hungary CATL EU2 Project R\u00e1calm\u00e1s, Hungary HANKOOK IV. TBR Debrecen, Hungary EcoPro OCTAGON Project Gy\u00f6ngy\u00f6s, Hungary Procter &amp; Gamble Project R\u00e9ts\u00e1g, Hungary Flex Films Project Budapest, Hungary Museum of Ethnography \/ Museum of Ethnograpy Ny\u00edregyh\u00e1za, Hungary LEGO PAB2 Project Gy\u0151r, Hungary AUDI G60 Building Iv\u00e1ncsa, Hungary SK ON Projects [&hellip;]<\/p>\n","protected":false},"author":1,"featured_media":0,"parent":0,"menu_order":0,"comment_status":"closed","ping_status":"closed","template":"page-full-width.php","meta":{"footnotes":""},"class_list":["post-6722","page","type-page","status-publish","hentry"],"_links":{"self":[{"href":"https:\/\/www.prelko.hu\/en\/wp-json\/wp\/v2\/pages\/6722","targetHints":{"allow":["GET"]}}],"collection":[{"href":"https:\/\/www.prelko.hu\/en\/wp-json\/wp\/v2\/pages"}],"about":[{"href":"https:\/\/www.prelko.hu\/en\/wp-json\/wp\/v2\/types\/page"}],"author":[{"embeddable":true,"href":"https:\/\/www.prelko.hu\/en\/wp-json\/wp\/v2\/users\/1"}],"replies":[{"embeddable":true,"href":"https:\/\/www.prelko.hu\/en\/wp-json\/wp\/v2\/comments?post=6722"}],"version-history":[{"count":4,"href":"https:\/\/www.prelko.hu\/en\/wp-json\/wp\/v2\/pages\/6722\/revisions"}],"predecessor-version":[{"id":6732,"href":"https:\/\/www.prelko.hu\/en\/wp-json\/wp\/v2\/pages\/6722\/revisions\/6732"}],"wp:attachment":[{"href":"https:\/\/www.prelko.hu\/en\/wp-json\/wp\/v2\/media?parent=6722"}],"curies":[{"name":"wp","href":"https:\/\/api.w.org\/{rel}","templated":true}]}}